{"id":21699,"date":"2016-12-08T12:16:15","date_gmt":"2016-12-08T12:16:15","guid":{"rendered":"http:\/\/www.techlachairs.it\/?page_id=21699"},"modified":"2021-06-07T20:10:52","modified_gmt":"2021-06-07T20:10:52","slug":"homepage","status":"publish","type":"page","link":"https:\/\/www.techlachairs.it\/de\/","title":{"rendered":"Homepage"},"content":{"rendered":"<p>[vc_row row_type=&#8221;row&#8221; use_row_as_full_screen_section=&#8221;no&#8221; type=&#8221;full_width&#8221; text_align=&#8221;left&#8221; css_animation=&#8221;&#8221;][vc_column][\/vc_column][\/vc_row][vc_row row_type=&#8221;row&#8221; use_row_as_full_screen_section=&#8221;no&#8221; type=&#8221;full_width&#8221; text_align=&#8221;left&#8221; background_color=&#8221;#ffffff&#8221; css_animation=&#8221;&#8221;][vc_column][vc_row_inner row_type=&#8221;row&#8221; type=&#8221;grid&#8221; use_row_as_full_screen_section_slide=&#8221;no&#8221; text_align=&#8221;left&#8221; css_animation=&#8221;&#8221;][vc_column_inner][vc_separator type=&#8221;transparent&#8221; border_style=&#8221;&#8221; up=&#8221;40&#8243; down=&#8221;0&#8243;][vc_column_text]<\/p>\n<h4><span id=\"result_box\" class=\"short_text\" lang=\"de\"><span class=\"\">\u00dcBER UNS<\/span><\/span><\/h4>\n<p>[\/vc_column_text][vc_separator type=&#8221;transparent&#8221; border_style=&#8221;&#8221; up=&#8221;20&#8243; down=&#8221;0&#8243;][vc_column_text]<\/p>\n<h2>Techla : <span id=\"result_box\" class=\"short_text\" lang=\"de\">die Entwicklung der <span class=\"\">Tradition<\/span><\/span><\/h2>\n<p>[\/vc_column_text][\/vc_column_inner][\/vc_row_inner][vc_row_inner row_type=&#8221;row&#8221; type=&#8221;grid&#8221; use_row_as_full_screen_section_slide=&#8221;no&#8221; text_align=&#8221;left&#8221; background_color=&#8221;#ffffff&#8221; padding_top=&#8221;80&#8243; padding_bottom=&#8221;80&#8243; css_animation=&#8221;&#8221;][vc_column_inner width=&#8221;2\/3&#8243;][vc_column_text]Eine neue Marke in der Welt der Holzst\u00fchle, die von einem Unternehmen erstellt, die seit \u00fcber 40 Jahren im Stuhl Bezirk Friaul, in Betrieb war, den Marktanforderungen von heute und morgen gerecht zu werden. Unsere Name ist von der Natur inspiriert, Wir sind ein Unternehmen, das obwohl zum Wesen der authentischen Tradition Treu ist, sucht zugleich immer neue Gestaltungsformen, Anwendungsart und Einstellungen . Unsere Produktion ist 100% Made in Italy, fuer einem internationalen Publikum sehr aufmerksam auf die Qualit\u00e4t, Langlebigkeit und des Wohlbefindens.[\/vc_column_text][vc_separator type=&#8221;transparent&#8221; border_style=&#8221;&#8221; thickness=&#8221;20&#8243;][vc_column_text]Die Techla St\u00fchle enstehen durch bestem holz,entwichlung, manuellen Arbeitsprozess und h\u00f6he Technologie . Die Verwendung von Gelenken und Fein bau systeme dienen eine hervorragende Haltbarkeit und gew\u00e4hrleisten besondere Emotionen zu denen die diese Details zu sch\u00e4tzen wissen, Techla macht jeder kreation einzigartig.[\/vc_column_text][vc_separator type=&#8221;transparent&#8221; border_style=&#8221;&#8221; thickness=&#8221;20&#8243;][vc_column_text]Mit Techla nehmen die typischen Formen der Vergangenheit ein neues Leben, die Modellen werden originalgetreu reproduzieren oder im Lichte des heutigen Lebens interpretieren, ein komplettes Sortiment zu komponieren, entwickelt, um die W\u00fcnsche und Bed\u00fcrfnisse aller zu befriedigen. Von klassischen Atmosph\u00e4ren, bis zu sehr jungen und unkonventionellen R\u00e4umen. Fuer h\u00e4uslichen Umgebungen, Catering oder Gastronomie einrichtung . Immer mit einem freundlichen und famili\u00e4ren Stil, kombiniert mit einem strengen und kompromisslose Qualit\u00e4t bei Produkten und Dienstleistungen.[\/vc_column_text][\/vc_column_inner][vc_column_inner width=&#8221;1\/3&#8243;][vc_gallery type=&#8221;nivo&#8221; interval=&#8221;5&#8243; images=&#8221;21717,21718&#8243; img_size=&#8221;800&#215;533&#8243; onclick=&#8221;&#8221;][\/vc_column_inner][\/vc_row_inner][\/vc_column][\/vc_row][vc_row row_type=&#8221;row&#8221; use_row_as_full_screen_section=&#8221;no&#8221; type=&#8221;full_width&#8221; text_align=&#8221;left&#8221; css_animation=&#8221;&#8221;][vc_column]<div class=\"call_to_action normal\" style=\"background-color: #f5f5f5;\"><div class=\"container_inner\"><div class=\"two_columns_75_25 clearfix\"><div class=\"text_wrapper column1\"><div class=\"call_to_action_text\" style=\"\"><div class=\"custom_font_holder\" style=\"font-family: Crete Round; font-size: 17px; line-height: 26px; font-style: italic; font-weight: 400; text-decoration: none; letter-spacing: 0px; padding: 0; margin: 0; text-align: left;\"><span>Schauen Sie sich unsere aktuelle Kollektion, besuchen Sie unseren Showroom Seite<\/span><\/div><\/div><\/div><div class=\"button_wrapper column2\"><a href=\"http:\/\/www.techlachairs.it\/collections\/\" class=\"qbutton \" target=\"_self\" style=\"color:#ffffff;border-color:#678b31;background-color: #678b31;\" data-hover-background-color=#393939  data-hover-border-color=#393939  data-hover-color=#ffffff>SHOWROOM<\/a><\/div><\/div><\/div><\/div>[\/vc_column][\/vc_row][vc_row row_type=&#8221;row&#8221; use_row_as_full_screen_section=&#8221;no&#8221; type=&#8221;full_width&#8221; text_align=&#8221;left&#8221; background_color=&#8221;#ffffff&#8221; css_animation=&#8221;&#8221;][vc_column][vc_row_inner row_type=&#8221;row&#8221; type=&#8221;grid&#8221; use_row_as_full_screen_section_slide=&#8221;no&#8221; text_align=&#8221;left&#8221; padding_top=&#8221;80&#8243; padding_bottom=&#8221;80&#8243; css_animation=&#8221;&#8221;][vc_column_inner][vc_column_text]<\/p>\n<h4><span id=\"result_box\" class=\"short_text\" lang=\"de\"><span class=\"\">WAS WIR TUN<\/span><\/span><\/h4>\n<p>[\/vc_column_text][vc_separator type=&#8221;transparent&#8221; border_style=&#8221;&#8221; up=&#8221;20&#8243; down=&#8221;0&#8243;][vc_column_text]<\/p>\n<h2><span id=\"result_box\" class=\"short_text\" lang=\"de\"><span class=\"\">UNSERE<\/span><\/span> SHOWROOM<\/h2>\n<p>[\/vc_column_text][vc_separator type=&#8221;transparent&#8221; border_style=&#8221;&#8221; up=&#8221;40&#8243; down=&#8221;0&#8243;][vc_column_text]<span id=\"result_box\" class=\"\" lang=\"de\">Entdecken Sie die neuesten Produkte hinzugef\u00fcgt, um unsere Kollektionen. Lassen Sie sich von unseren St\u00fchlen inspiriert, den richtigen Stil f\u00fcr Ihren Lebensunterhalt <span class=\"\">finden.<\/span><\/span>[\/vc_column_text][\/vc_column_inner][\/vc_row_inner][\/vc_column][\/vc_row][vc_row row_type=&#8221;row&#8221; use_row_as_full_screen_section=&#8221;no&#8221; type=&#8221;full_width&#8221; text_align=&#8221;left&#8221; css_animation=&#8221;&#8221;][vc_column]<div class='projects_holder_outer v4 portfolio_no_space portfolio_with_hover_text '><div class='projects_holder clearfix v4 hover_text no_space portfolio_default_image '>\n<article class='mix portfolio_category_162 '><div class='image_holder standard_hover'><span class='image'><img width=\"550\" height=\"498\" src=\"https:\/\/www.techlachairs.it\/wp-content\/uploads\/2017\/01\/Altea-noce-02-550x498.jpg\" class=\"attachment-portfolio-default size-portfolio-default wp-post-image\" alt=\"\" loading=\"lazy\" srcset=\"https:\/\/www.techlachairs.it\/wp-content\/uploads\/2017\/01\/Altea-noce-02-550x498.jpg 550w, https:\/\/www.techlachairs.it\/wp-content\/uploads\/2017\/01\/Altea-noce-02-480x434.jpg 480w, https:\/\/www.techlachairs.it\/wp-content\/uploads\/2017\/01\/Altea-noce-02-125x112.jpg 125w\" sizes=\"(max-width: 550px) 100vw, 550px\" \/><\/span><a class='portfolio_link_class' href='https:\/\/www.techlachairs.it\/de\/portfolio_page\/altea\/' target='_self'><\/a><div class=\"portfolio_shader\"><\/div><div class=\"text_holder\"><h5 class=\"portfolio_title\" >l<\/h5><h6 class=\"portfolio_subtitle\"><\/h6><span class=\"project_category\"><span>In <\/span>Tiroler<\/span><\/div><div class=\"icons_holder\"><div class=\"icons_holder_inner\"><\/div><\/div><\/div><\/article>\n<article class='mix portfolio_category_162 '><div class='image_holder standard_hover'><span class='image'><img width=\"550\" height=\"498\" src=\"https:\/\/www.techlachairs.it\/wp-content\/uploads\/2017\/01\/Alcea-miele-02-550x498.jpg\" class=\"attachment-portfolio-default size-portfolio-default wp-post-image\" alt=\"\" loading=\"lazy\" srcset=\"https:\/\/www.techlachairs.it\/wp-content\/uploads\/2017\/01\/Alcea-miele-02-550x498.jpg 550w, https:\/\/www.techlachairs.it\/wp-content\/uploads\/2017\/01\/Alcea-miele-02-480x434.jpg 480w, https:\/\/www.techlachairs.it\/wp-content\/uploads\/2017\/01\/Alcea-miele-02-125x112.jpg 125w\" sizes=\"(max-width: 550px) 100vw, 550px\" \/><\/span><a class='portfolio_link_class' href='https:\/\/www.techlachairs.it\/de\/portfolio_page\/alcea\/' target='_self'><\/a><div class=\"portfolio_shader\"><\/div><div class=\"text_holder\"><h5 class=\"portfolio_title\" >(Italiano) Alcea<\/h5><h6 class=\"portfolio_subtitle\"><\/h6><span class=\"project_category\"><span>In <\/span>Tiroler<\/span><\/div><div class=\"icons_holder\"><div class=\"icons_holder_inner\"><\/div><\/div><\/div><\/article>\n<article class='mix portfolio_category_162 '><div class='image_holder standard_hover'><span class='image'><img width=\"550\" height=\"498\" src=\"https:\/\/www.techlachairs.it\/wp-content\/uploads\/2017\/01\/Alyssa-nat-01-550x498.jpg\" class=\"attachment-portfolio-default size-portfolio-default wp-post-image\" alt=\"\" loading=\"lazy\" srcset=\"https:\/\/www.techlachairs.it\/wp-content\/uploads\/2017\/01\/Alyssa-nat-01-550x498.jpg 550w, https:\/\/www.techlachairs.it\/wp-content\/uploads\/2017\/01\/Alyssa-nat-01-480x434.jpg 480w, https:\/\/www.techlachairs.it\/wp-content\/uploads\/2017\/01\/Alyssa-nat-01-125x112.jpg 125w\" sizes=\"(max-width: 550px) 100vw, 550px\" \/><\/span><a class='portfolio_link_class' href='https:\/\/www.techlachairs.it\/de\/portfolio_page\/alyssa\/' target='_self'><\/a><div class=\"portfolio_shader\"><\/div><div class=\"text_holder\"><h5 class=\"portfolio_title\" >(Italiano) Alyssa<\/h5><h6 class=\"portfolio_subtitle\"><\/h6><span class=\"project_category\"><span>In <\/span>Tiroler<\/span><\/div><div class=\"icons_holder\"><div class=\"icons_holder_inner\"><\/div><\/div><\/div><\/article>\n<article class='mix portfolio_category_162 '><div class='image_holder standard_hover'><span class='image'><img width=\"550\" height=\"498\" src=\"https:\/\/www.techlachairs.it\/wp-content\/uploads\/2017\/01\/Aralia-nat-01-550x498.jpg\" class=\"attachment-portfolio-default size-portfolio-default wp-post-image\" alt=\"\" loading=\"lazy\" srcset=\"https:\/\/www.techlachairs.it\/wp-content\/uploads\/2017\/01\/Aralia-nat-01-550x498.jpg 550w, https:\/\/www.techlachairs.it\/wp-content\/uploads\/2017\/01\/Aralia-nat-01-480x434.jpg 480w, https:\/\/www.techlachairs.it\/wp-content\/uploads\/2017\/01\/Aralia-nat-01-125x112.jpg 125w\" sizes=\"(max-width: 550px) 100vw, 550px\" \/><\/span><a class='portfolio_link_class' href='https:\/\/www.techlachairs.it\/de\/portfolio_page\/aralia\/' target='_self'><\/a><div class=\"portfolio_shader\"><\/div><div class=\"text_holder\"><h5 class=\"portfolio_title\" >(Italiano) Aralia<\/h5><h6 class=\"portfolio_subtitle\"><\/h6><span class=\"project_category\"><span>In <\/span>Tiroler<\/span><\/div><div class=\"icons_holder\"><div class=\"icons_holder_inner\"><\/div><\/div><\/div><\/article>\n<article class='mix portfolio_category_162 '><div class='image_holder standard_hover'><span class='image'><img width=\"550\" height=\"498\" src=\"https:\/\/www.techlachairs.it\/wp-content\/uploads\/2017\/01\/Baby-Herz-nat-02-550x498.jpg\" class=\"attachment-portfolio-default size-portfolio-default wp-post-image\" alt=\"\" loading=\"lazy\" srcset=\"https:\/\/www.techlachairs.it\/wp-content\/uploads\/2017\/01\/Baby-Herz-nat-02-550x498.jpg 550w, https:\/\/www.techlachairs.it\/wp-content\/uploads\/2017\/01\/Baby-Herz-nat-02-480x434.jpg 480w, https:\/\/www.techlachairs.it\/wp-content\/uploads\/2017\/01\/Baby-Herz-nat-02-125x112.jpg 125w\" sizes=\"(max-width: 550px) 100vw, 550px\" \/><\/span><a class='portfolio_link_class' href='https:\/\/www.techlachairs.it\/de\/portfolio_page\/baby-herz\/' target='_self'><\/a><div class=\"portfolio_shader\"><\/div><div class=\"text_holder\"><h5 class=\"portfolio_title\" >(Italiano) Baby Herz<\/h5><h6 class=\"portfolio_subtitle\"><\/h6><span class=\"project_category\"><span>In <\/span>Tiroler<\/span><\/div><div class=\"icons_holder\"><div class=\"icons_holder_inner\"><\/div><\/div><\/div><\/article>\n<article class='mix portfolio_category_162 '><div class='image_holder standard_hover'><span class='image'><img width=\"550\" height=\"498\" src=\"https:\/\/www.techlachairs.it\/wp-content\/uploads\/2017\/01\/Baby-Mouse-nat-01-550x498.jpg\" class=\"attachment-portfolio-default size-portfolio-default wp-post-image\" alt=\"\" loading=\"lazy\" srcset=\"https:\/\/www.techlachairs.it\/wp-content\/uploads\/2017\/01\/Baby-Mouse-nat-01-550x498.jpg 550w, https:\/\/www.techlachairs.it\/wp-content\/uploads\/2017\/01\/Baby-Mouse-nat-01-480x434.jpg 480w, https:\/\/www.techlachairs.it\/wp-content\/uploads\/2017\/01\/Baby-Mouse-nat-01-125x112.jpg 125w\" sizes=\"(max-width: 550px) 100vw, 550px\" \/><\/span><a class='portfolio_link_class' href='https:\/\/www.techlachairs.it\/de\/portfolio_page\/baby-mouse\/' target='_self'><\/a><div class=\"portfolio_shader\"><\/div><div class=\"text_holder\"><h5 class=\"portfolio_title\" >(Italiano) Baby Mouse<\/h5><h6 class=\"portfolio_subtitle\"><\/h6><span class=\"project_category\"><span>In <\/span>Tiroler<\/span><\/div><div class=\"icons_holder\"><div class=\"icons_holder_inner\"><\/div><\/div><\/div><\/article>\n<article class='mix portfolio_category_162 '><div class='image_holder standard_hover'><span class='image'><img width=\"550\" height=\"498\" src=\"https:\/\/www.techlachairs.it\/wp-content\/uploads\/2017\/01\/Baby-Smile-noce-01-550x498.jpg\" class=\"attachment-portfolio-default size-portfolio-default wp-post-image\" alt=\"\" loading=\"lazy\" srcset=\"https:\/\/www.techlachairs.it\/wp-content\/uploads\/2017\/01\/Baby-Smile-noce-01-550x498.jpg 550w, https:\/\/www.techlachairs.it\/wp-content\/uploads\/2017\/01\/Baby-Smile-noce-01-480x434.jpg 480w, https:\/\/www.techlachairs.it\/wp-content\/uploads\/2017\/01\/Baby-Smile-noce-01-125x112.jpg 125w\" sizes=\"(max-width: 550px) 100vw, 550px\" \/><\/span><a class='portfolio_link_class' href='https:\/\/www.techlachairs.it\/de\/portfolio_page\/baby-smile\/' target='_self'><\/a><div class=\"portfolio_shader\"><\/div><div class=\"text_holder\"><h5 class=\"portfolio_title\" >(Italiano) Baby Smile<\/h5><h6 class=\"portfolio_subtitle\"><\/h6><span class=\"project_category\"><span>In <\/span>Tiroler<\/span><\/div><div class=\"icons_holder\"><div class=\"icons_holder_inner\"><\/div><\/div><\/div><\/article>\n<article class='mix portfolio_category_162 '><div class='image_holder standard_hover'><span class='image'><img width=\"550\" height=\"498\" src=\"https:\/\/www.techlachairs.it\/wp-content\/uploads\/2017\/01\/Cambria-noce-01-550x498.jpg\" class=\"attachment-portfolio-default size-portfolio-default wp-post-image\" alt=\"\" loading=\"lazy\" srcset=\"https:\/\/www.techlachairs.it\/wp-content\/uploads\/2017\/01\/Cambria-noce-01-550x498.jpg 550w, https:\/\/www.techlachairs.it\/wp-content\/uploads\/2017\/01\/Cambria-noce-01-480x434.jpg 480w, https:\/\/www.techlachairs.it\/wp-content\/uploads\/2017\/01\/Cambria-noce-01-125x112.jpg 125w\" sizes=\"(max-width: 550px) 100vw, 550px\" \/><\/span><a class='portfolio_link_class' href='https:\/\/www.techlachairs.it\/de\/portfolio_page\/cambria\/' target='_self'><\/a><div class=\"portfolio_shader\"><\/div><div class=\"text_holder\"><h5 class=\"portfolio_title\" >(Italiano) Cambria<\/h5><h6 class=\"portfolio_subtitle\"><\/h6><span class=\"project_category\"><span>In <\/span>Tiroler<\/span><\/div><div class=\"icons_holder\"><div class=\"icons_holder_inner\"><\/div><\/div><\/div><\/article>\n<div class='filler'><\/div>\n<div class='filler'><\/div>\n<div class='filler'><\/div>\n<div class='filler'><\/div>\n<\/div><\/div>[vc_separator type=&#8221;transparent&#8221; border_style=&#8221;&#8221; thickness=&#8221;50&#8243;][\/vc_column][\/vc_row]<\/p>","protected":false},"excerpt":{"rendered":"<p>[vc_row row_type=&#8221;row&#8221; use_row_as_full_screen_section=&#8221;no&#8221; type=&#8221;full_width&#8221; text_align=&#8221;left&#8221; css_animation=&#8221;&#8221;][vc_column][\/vc_column][\/vc_row][vc_row row_type=&#8221;row&#8221; use_row_as_full_screen_section=&#8221;no&#8221; type=&#8221;full_width&#8221; text_align=&#8221;left&#8221; background_color=&#8221;#ffffff&#8221; css_animation=&#8221;&#8221;][vc_column][vc_row_inner row_type=&#8221;row&#8221; type=&#8221;grid&#8221; use_row_as_full_screen_section_slide=&#8221;no&#8221; text_align=&#8221;left&#8221; css_animation=&#8221;&#8221;][vc_column_inner][vc_separator type=&#8221;transparent&#8221; border_style=&#8221;&#8221; up=&#8221;40&#8243; down=&#8221;0&#8243;][vc_column_text] \u00dcBER UNS [\/vc_column_text][vc_separator type=&#8221;transparent&#8221; border_style=&#8221;&#8221; up=&#8221;20&#8243; down=&#8221;0&#8243;][vc_column_text] Techla : die Entwicklung der Tradition [\/vc_column_text][\/vc_column_inner][\/vc_row_inner][vc_row_inner row_type=&#8221;row&#8221; type=&#8221;grid&#8221; use_row_as_full_screen_section_slide=&#8221;no&#8221; text_align=&#8221;left&#8221; background_color=&#8221;#ffffff&#8221; padding_top=&#8221;80&#8243; padding_bottom=&#8221;80&#8243; css_animation=&#8221;&#8221;][vc_column_inner width=&#8221;2\/3&#8243;][vc_column_text]Eine neue&#8230;<\/p>\n","protected":false},"author":1,"featured_media":0,"parent":0,"menu_order":0,"comment_status":"closed","ping_status":"closed","template":"full_width.php","meta":[],"yoast_head":"<!-- This site is optimized with the Yoast SEO plugin v16.4 - https:\/\/yoast.com\/wordpress\/plugins\/seo\/ -->\n<meta name=\"description\" content=\"TECHLA Una produzione 100% Made in Italy, dedicata a un pubblico internazionale, attento alla qualit\u00e0, alla durata ed al benessere.\" \/>\n<meta name=\"robots\" content=\"index, follow, max-snippet:-1, max-image-preview:large, max-video-preview:-1\" \/>\n<link rel=\"canonical\" href=\"https:\/\/www.techlachairs.it\/\" \/>\n<meta property=\"og:locale\" content=\"de_DE\" \/>\n<meta property=\"og:type\" content=\"article\" \/>\n<meta property=\"og:title\" content=\"TECHLA CHAIRS | Produzione made in Italy arredo di interni ed esterni\" \/>\n<meta property=\"og:description\" content=\"TECHLA Una produzione 100% Made in Italy, dedicata a un pubblico internazionale, attento alla qualit\u00e0, alla durata ed al benessere.\" \/>\n<meta property=\"og:url\" content=\"https:\/\/www.techlachairs.it\/\" \/>\n<meta property=\"og:site_name\" content=\"Techla Chairs\" \/>\n<meta property=\"article:modified_time\" content=\"2021-06-07T20:10:52+00:00\" \/>\n<meta name=\"twitter:card\" content=\"summary\" \/>\n<meta name=\"twitter:label1\" content=\"Gesch\u00e4tzte Lesezeit\" \/>\n\t<meta name=\"twitter:data1\" content=\"2 Minuten\" \/>\n<script type=\"application\/ld+json\" class=\"yoast-schema-graph\">{\"@context\":\"https:\/\/schema.org\",\"@graph\":[{\"@type\":\"Organization\",\"@id\":\"https:\/\/www.techlachairs.it\/#organization\",\"name\":\"TECHLA\",\"url\":\"https:\/\/www.techlachairs.it\/\",\"sameAs\":[],\"logo\":{\"@type\":\"ImageObject\",\"@id\":\"https:\/\/www.techlachairs.it\/#logo\",\"inLanguage\":\"de-DE\",\"url\":\"http:\/\/www.techlachairs.it\/wp-content\/uploads\/2016\/10\/LOGO-tachla-500-nero.png\",\"contentUrl\":\"http:\/\/www.techlachairs.it\/wp-content\/uploads\/2016\/10\/LOGO-tachla-500-nero.png\",\"width\":500,\"height\":159,\"caption\":\"TECHLA\"},\"image\":{\"@id\":\"https:\/\/www.techlachairs.it\/#logo\"}},{\"@type\":\"WebSite\",\"@id\":\"https:\/\/www.techlachairs.it\/#website\",\"url\":\"https:\/\/www.techlachairs.it\/\",\"name\":\"Techla Chairs\",\"description\":\"Wood Chairs\",\"publisher\":{\"@id\":\"https:\/\/www.techlachairs.it\/#organization\"},\"potentialAction\":[{\"@type\":\"SearchAction\",\"target\":\"https:\/\/www.techlachairs.it\/?s={search_term_string}\",\"query-input\":\"required name=search_term_string\"}],\"inLanguage\":\"de-DE\"},{\"@type\":\"WebPage\",\"@id\":\"https:\/\/www.techlachairs.it\/#webpage\",\"url\":\"https:\/\/www.techlachairs.it\/\",\"name\":\"TECHLA CHAIRS | Produzione made in Italy arredo di interni ed esterni\",\"isPartOf\":{\"@id\":\"https:\/\/www.techlachairs.it\/#website\"},\"datePublished\":\"2016-12-08T12:16:15+00:00\",\"dateModified\":\"2021-06-07T20:10:52+00:00\",\"description\":\"TECHLA Una produzione 100% Made in Italy, dedicata a un pubblico internazionale, attento alla qualit\\u00e0, alla durata ed al benessere.\",\"breadcrumb\":{\"@id\":\"https:\/\/www.techlachairs.it\/#breadcrumb\"},\"inLanguage\":\"de-DE\",\"potentialAction\":[{\"@type\":\"ReadAction\",\"target\":[\"https:\/\/www.techlachairs.it\/\"]}]},{\"@type\":\"BreadcrumbList\",\"@id\":\"https:\/\/www.techlachairs.it\/#breadcrumb\",\"itemListElement\":[{\"@type\":\"ListItem\",\"position\":1,\"item\":{\"@type\":\"WebPage\",\"@id\":\"https:\/\/www.techlachairs.it\/\",\"url\":\"https:\/\/www.techlachairs.it\/\",\"name\":\"Home\"}},{\"@type\":\"ListItem\",\"position\":2,\"item\":{\"@id\":\"https:\/\/www.techlachairs.it\/#webpage\"}}]}]}<\/script>\n<!-- \/ Yoast SEO plugin. -->","_links":{"self":[{"href":"https:\/\/www.techlachairs.it\/de\/wp-json\/wp\/v2\/pages\/21699"}],"collection":[{"href":"https:\/\/www.techlachairs.it\/de\/wp-json\/wp\/v2\/pages"}],"about":[{"href":"https:\/\/www.techlachairs.it\/de\/wp-json\/wp\/v2\/types\/page"}],"author":[{"embeddable":true,"href":"https:\/\/www.techlachairs.it\/de\/wp-json\/wp\/v2\/users\/1"}],"replies":[{"embeddable":true,"href":"https:\/\/www.techlachairs.it\/de\/wp-json\/wp\/v2\/comments?post=21699"}],"version-history":[{"count":24,"href":"https:\/\/www.techlachairs.it\/de\/wp-json\/wp\/v2\/pages\/21699\/revisions"}],"predecessor-version":[{"id":22712,"href":"https:\/\/www.techlachairs.it\/de\/wp-json\/wp\/v2\/pages\/21699\/revisions\/22712"}],"wp:attachment":[{"href":"https:\/\/www.techlachairs.it\/de\/wp-json\/wp\/v2\/media?parent=21699"}],"curies":[{"name":"wp","href":"https:\/\/api.w.org\/{rel}","templated":true}]}}